{"id":266,"date":"2020-07-22T14:58:30","date_gmt":"2020-07-22T12:58:30","guid":{"rendered":"https:\/\/www.mubarello.group\/?page_id=266"},"modified":"2020-10-16T15:56:03","modified_gmt":"2020-10-16T13:56:03","slug":"senia","status":"publish","type":"page","link":"https:\/\/www.mubarello.group\/?page_id=266","title":{"rendered":"Senia GmbH"},"content":{"rendered":"\r\n<div class=\"wp-block-group\">\r\n<div class=\"wp-block-group__inner-container is-layout-flow wp-block-group-is-layout-flow\">\r\n<p><span style=\"font-size: 10pt;\">Schweizer Dienstleistung- und Beratungsfirma f\u00fcr alles was mit Unternehmensberatung zusammenh\u00e4ngt.<\/span><br \/><br \/><span style=\"font-size: 10pt;\">Individuelle Konzepte, ma\u00dfgeschneidertes Controlling, sanfte oder aggressive Optimierung der Steuerlast, der Finanzen, der Prozesse und Alles was ein Unternehmen st\u00e4rker und besser macht.<\/span><br \/><br \/><span style=\"font-size: 10pt;\">Unser Motto:<\/span><br \/><span style=\"font-size: 10pt;\"><strong>EKG 112<\/strong> &#8211; <strong>E<\/strong>rl\u00f6se rauf, <strong>K<\/strong>osten runter = <strong>G<\/strong>ewinn hoch &#8211; \u00fcberpr\u00fcft anhand von <strong>112<\/strong> einzelnen Checkpunkten.<\/span><br \/><br \/><br \/><span style=\"font-size: 10pt;\">Schwerpunkte:<\/span><\/p>\r\n<ul>\r\n<li style=\"list-style-type: none;\">\r\n<ul>\r\n<li style=\"list-style-type: none;\">\r\n<ul>\r\n<li><span style=\"font-size: 10pt;\">Controlling und Optimierung der Finanzstr\u00f6me, einzelner Kapitalanlagen, einzelner Projekte und Tochterfirmen, Kostenstellen, Prozesse und sonstigen betriebswirtschaftlichen Fragestellungen.<\/span><\/li>\r\n<li><span style=\"font-size: 10pt;\">Umstrukturierungsma\u00dfnahmen, deren steuerliche Aspekte und Haftungsfragen<\/span><\/li>\r\n<li><span style=\"font-size: 10pt;\">Verschachtelung und Holding Privilegien<\/span><\/li>\r\n<li><span style=\"font-size: 10pt;\">Firmensitzverlegung ggf. Wohnsitzverlegung<\/span><\/li>\r\n<li><span style=\"font-size: 10pt;\">Beschaffung und Einkauf <\/span><\/li>\r\n<li><span style=\"font-size: 10pt;\">Projektfinanzierungen <\/span><\/li>\r\n<li><span style=\"font-size: 10pt;\">Erbrecht und Steuervorteile<\/span><\/li>\r\n<li><span style=\"font-size: 10pt;\">Asset Protection (Verm\u00f6gensschutz)<\/span><\/li>\r\n<li><span style=\"font-size: 10pt;\">Sanierung<\/span><\/li>\r\n<\/ul>\r\n<\/li>\r\n<\/ul>\r\n<\/li>\r\n<\/ul>\r\n<span style=\"font-size: 10pt;\"><\/span><\/div>\r\n<\/div>\r\n<p><span style=\"font-size: 10pt;\">\r\n\r\n<\/span><\/p>\r\n<p class=\"has-small-font-size\" style=\"padding-left: 40px;\"><br \/><br \/><br \/><br \/><\/p>\r\n<p><span style=\"font-size: 10pt;\">\r\n\r\n<\/span><\/p>\r\n<div class=\"wp-block-group\"><div class=\"wp-block-group__inner-container\">\r\n<div class=\"wp-block-group__inner-container is-layout-flow wp-block-group-is-layout-flow\"><span style=\"font-size: 10pt;\"><\/span>\r\n<div class=\"wp-block-group\"><div class=\"wp-block-group__inner-container is-layout-flow wp-block-group-is-layout-flow\">\r\n<div><span style=\"text-decoration-line: underline; font-size: 10pt;\">Kontakt:<\/span><\/div>\r\n<\/div>\r\n<\/div>\r\n<\/div><\/div><\/div>\r\n<p class=\"has-small-font-size\"><span style=\"font-size: 10pt;\">Senia GmbH<\/span><br \/><span style=\"font-size: 10pt;\">Waldeckweg 37<\/span><br \/><span style=\"font-size: 10pt;\">CH &#8211; 4102 Binningen<br \/><br \/>Tel:<\/span><span style=\"font-size: 10pt;\">\u00a0+41 76 720 40 20<\/span><br \/><span style=\"font-size: 10pt;\">E-Mail: verwaltung.senia@gmail.com<\/span><br \/><br \/><\/p>\r\n","protected":false},"excerpt":{"rendered":"<p>Schweizer Dienstleistung- und Beratungsfirma f\u00fcr alles was mit Unternehmensberatung zusammenh\u00e4ngt. Individuelle Konzepte, ma\u00dfgeschneidertes Controlling, sanfte oder aggressive Optimierung der Steuerlast, der Finanzen, der Prozesse und Alles was ein Unternehmen st\u00e4rker und besser macht. Unser Motto:EKG 112 &#8211; Erl\u00f6se rauf, Kosten runter = Gewinn hoch &#8211; \u00fcberpr\u00fcft anhand von 112 einzelnen Checkpunkten. Schwerpunkte: Controlling und Optimierung &hellip; <\/p>\n<p class=\"link-more\"><a href=\"https:\/\/www.mubarello.group\/?page_id=266\" class=\"more-link\"><span class=\"screen-reader-text\">\u201eSenia GmbH\u201c<\/span> weiterlesen<\/a><\/p>\n","protected":false},"author":1,"featured_media":0,"parent":0,"menu_order":0,"comment_status":"closed","ping_status":"closed","template":"","meta":{"footnotes":""},"_links":{"self":[{"href":"https:\/\/www.mubarello.group\/index.php?rest_route=\/wp\/v2\/pages\/266"}],"collection":[{"href":"https:\/\/www.mubarello.group\/index.php?rest_route=\/wp\/v2\/pages"}],"about":[{"href":"https:\/\/www.mubarello.group\/index.php?rest_route=\/wp\/v2\/types\/page"}],"author":[{"embeddable":true,"href":"https:\/\/www.mubarello.group\/index.php?rest_route=\/wp\/v2\/users\/1"}],"replies":[{"embeddable":true,"href":"https:\/\/www.mubarello.group\/index.php?rest_route=%2Fwp%2Fv2%2Fcomments&post=266"}],"version-history":[{"count":13,"href":"https:\/\/www.mubarello.group\/index.php?rest_route=\/wp\/v2\/pages\/266\/revisions"}],"predecessor-version":[{"id":636,"href":"https:\/\/www.mubarello.group\/index.php?rest_route=\/wp\/v2\/pages\/266\/revisions\/636"}],"wp:attachment":[{"href":"https:\/\/www.mubarello.group\/index.php?rest_route=%2Fwp%2Fv2%2Fmedia&parent=266"}],"curies":[{"name":"wp","href":"https:\/\/api.w.org\/{rel}","templated":true}]}}